{"id":1931,"date":"2025-02-17T19:27:20","date_gmt":"2025-02-17T18:27:20","guid":{"rendered":"http:\/\/localhost\/site_coho\/?page_id=1931"},"modified":"2025-08-10T15:59:19","modified_gmt":"2025-08-10T13:59:19","slug":"edition-hadj","status":"publish","type":"page","link":"https:\/\/www.coho.ne\/index.php\/edition-hadj\/","title":{"rendered":"Editions Hadj"},"content":{"rendered":"\t\t<div data-elementor-type=\"wp-page\" data-elementor-id=\"1931\" class=\"elementor elementor-1931\" data-elementor-post-type=\"page\">\n\t\t\t\t<div class=\"elementor-element elementor-element-5e34dfd .ma-boite-avec-ombre e-flex e-con-boxed e-con e-parent\" data-id=\"5e34dfd\" data-element_type=\"container\">\n\t\t\t\t\t<div class=\"e-con-inner\">\n\t\t\t\t<div class=\"elementor-element elementor-element-efd49d8 elementor-widget elementor-widget-heading\" data-id=\"efd49d8\" data-element_type=\"widget\" data-widget_type=\"heading.default\">\n\t\t\t\t<div class=\"elementor-widget-container\">\n\t\t\t\t\t<h2 class=\"elementor-heading-title elementor-size-default\">ARCHIVES<\/h2>\t\t\t\t<\/div>\n\t\t\t\t<\/div>\n\t\t\t\t<div class=\"elementor-element elementor-element-2ab1973 elementor-widget elementor-widget-heading\" data-id=\"2ab1973\" data-element_type=\"widget\" data-widget_type=\"heading.default\">\n\t\t\t\t<div class=\"elementor-widget-container\">\n\t\t\t\t\t<div class=\"elementor-heading-title elementor-size-default\">S\u00e9lectionner l'ann\u00e9e pour afficher toutes ses actulit\u00e9s !<\/div>\t\t\t\t<\/div>\n\t\t\t\t<\/div>\n\t\t\t\t<div class=\"elementor-element elementor-element-f814187 elementor-widget elementor-widget-shortcode\" data-id=\"f814187\" data-element_type=\"widget\" data-widget_type=\"shortcode.default\">\n\t\t\t\t<div class=\"elementor-widget-container\">\n\t\t\t\t\t\t\t<div class=\"elementor-shortcode\"><div class=\"sya_container\" id=\"sya_container\"><h1><a id=\"year2025\"><\/a><a href=\"#\" onclick=\"this.parentNode.nextSibling.style.display=(this.parentNode.nextSibling.style.display!='none'?'none':'');return false;\">2025<\/a> <span class=\"sya_yearcount\"><span class=\"sya_bracket\">(<\/span>3<span class=\"sya_bracket\">)<\/span><\/span><\/h1><ul style=\"display:none;\"><li class=\"\"><div class=\"sya_postcontent\"><span class=\"sya_date\">12. janvier <span class=\"sya_sep\">- <\/span><\/span><a href=\"https:\/\/www.coho.ne\/index.php\/2025\/01\/12\/arrive-du-premier-vol-a-djeddah\/\" class=\"sya_postlink post-1511\" rel=\"bookmark\">Arriv\u00e9 du premier vol \u00e0 Djeddah<\/a><\/div><div class=\"sya_postimg\"><a href=\"https:\/\/www.coho.ne\/index.php\/2025\/01\/12\/arrive-du-premier-vol-a-djeddah\/\"><img decoding=\"async\" width=\"150\" height=\"150\" src=\"https:\/\/www.coho.ne\/wp-content\/uploads\/2025\/01\/hadj-arrivee-Niger-bell-150x150.jpeg\" class=\"attachment-thumbnail size-thumbnail wp-post-image\" alt=\"\" \/><\/a><\/div><\/li><li class=\"\"><div class=\"sya_postcontent\"><span class=\"sya_date\">12. janvier <span class=\"sya_sep\">- <\/span><\/span><a href=\"https:\/\/www.coho.ne\/index.php\/2025\/01\/12\/le-premier-vol-retour-des-pelerins\/\" class=\"sya_postlink post-1509\" rel=\"bookmark\">\u00a0le premier vol retour des p\u00e8lerins<\/a><\/div><div class=\"sya_postimg\"><a href=\"https:\/\/www.coho.ne\/index.php\/2025\/01\/12\/le-premier-vol-retour-des-pelerins\/\"><img decoding=\"async\" width=\"150\" height=\"150\" src=\"https:\/\/www.coho.ne\/wp-content\/uploads\/2025\/01\/image_750x_65ce23b11ff79-150x150.jpeg\" class=\"attachment-thumbnail size-thumbnail wp-post-image\" alt=\"\" \/><\/a><\/div><\/li><li class=\"\"><div class=\"sya_postcontent\"><span class=\"sya_date\">12. janvier <span class=\"sya_sep\">- <\/span><\/span><a href=\"https:\/\/www.coho.ne\/index.php\/2025\/01\/12\/enregistrement-des-pelerins\/\" class=\"sya_postlink post-1506\" rel=\"bookmark\">Enregistrement des Pelerins<\/a><\/div><div class=\"sya_postimg\"><a href=\"https:\/\/www.coho.ne\/index.php\/2025\/01\/12\/enregistrement-des-pelerins\/\"><img decoding=\"async\" width=\"150\" height=\"150\" src=\"https:\/\/www.coho.ne\/wp-content\/uploads\/2025\/01\/image_750x_65ce23030480d-150x150.jpeg\" class=\"attachment-thumbnail size-thumbnail wp-post-image\" alt=\"\" \/><\/a><\/div><\/li><\/ul><\/div><\/div>\n\t\t\t\t\t\t<\/div>\n\t\t\t\t<\/div>\n\t\t\t\t\t<\/div>\n\t\t\t\t<\/div>\n\t\t\t\t<\/div>\n\t\t","protected":false},"excerpt":{"rendered":"<p>ARCHIVES S\u00e9lectionner l&rsquo;ann\u00e9e pour afficher toutes ses actulit\u00e9s !<\/p>\n","protected":false},"author":1,"featured_media":0,"parent":0,"menu_order":0,"comment_status":"closed","ping_status":"closed","template":"","meta":{"footnotes":""},"class_list":["post-1931","page","type-page","status-publish","hentry"],"blocksy_meta":[],"_links":{"self":[{"href":"https:\/\/www.coho.ne\/index.php\/wp-json\/wp\/v2\/pages\/1931","targetHints":{"allow":["GET"]}}],"collection":[{"href":"https:\/\/www.coho.ne\/index.php\/wp-json\/wp\/v2\/pages"}],"about":[{"href":"https:\/\/www.coho.ne\/index.php\/wp-json\/wp\/v2\/types\/page"}],"author":[{"embeddable":true,"href":"https:\/\/www.coho.ne\/index.php\/wp-json\/wp\/v2\/users\/1"}],"replies":[{"embeddable":true,"href":"https:\/\/www.coho.ne\/index.php\/wp-json\/wp\/v2\/comments?post=1931"}],"version-history":[{"count":75,"href":"https:\/\/www.coho.ne\/index.php\/wp-json\/wp\/v2\/pages\/1931\/revisions"}],"predecessor-version":[{"id":2740,"href":"https:\/\/www.coho.ne\/index.php\/wp-json\/wp\/v2\/pages\/1931\/revisions\/2740"}],"wp:attachment":[{"href":"https:\/\/www.coho.ne\/index.php\/wp-json\/wp\/v2\/media?parent=1931"}],"curies":[{"name":"wp","href":"https:\/\/api.w.org\/{rel}","templated":true}]}}